{"id":780,"date":"2023-04-20T08:26:06","date_gmt":"2023-04-20T06:26:06","guid":{"rendered":"https:\/\/www.iprlaboral.com\/politica-de-cookies\/"},"modified":"2023-05-04T11:00:58","modified_gmt":"2023-05-04T09:00:58","slug":"politica-de-cookies-es","status":"publish","type":"page","link":"https:\/\/www.iprlaboral.com\/es\/politica-de-cookies-es\/","title":{"rendered":"Pol\u00edtica de cookies"},"content":{"rendered":"\t\t<div data-elementor-type=\"wp-page\" data-elementor-id=\"780\" class=\"elementor elementor-780 elementor-496\">\n\t\t\t\t\t\t\t\t\t<section class=\"elementor-section elementor-top-section elementor-element elementor-element-554bb65 elementor-section-boxed elementor-section-height-default elementor-section-height-default\" data-id=\"554bb65\" data-element_type=\"section\">\n\t\t\t\t\t\t<div class=\"elementor-container elementor-column-gap-default\">\n\t\t\t\t\t<div class=\"elementor-column elementor-col-100 elementor-top-column elementor-element elementor-element-61342d9\" data-id=\"61342d9\" data-element_type=\"column\">\n\t\t\t<div class=\"elementor-widget-wrap elementor-element-populated\">\n\t\t\t\t\t\t\t\t<div class=\"elementor-element elementor-element-f0a7b17 elementor-widget elementor-widget-heading\" data-id=\"f0a7b17\" data-element_type=\"widget\" data-widget_type=\"heading.default\">\n\t\t\t\t<div class=\"elementor-widget-container\">\n\t\t\t<style>\/*! elementor - v3.12.1 - 02-04-2023 *\/\n.elementor-heading-title{padding:0;margin:0;line-height:1}.elementor-widget-heading .elementor-heading-title[class*=elementor-size-]>a{color:inherit;font-size:inherit;line-height:inherit}.elementor-widget-heading .elementor-heading-title.elementor-size-small{font-size:15px}.elementor-widget-heading .elementor-heading-title.elementor-size-medium{font-size:19px}.elementor-widget-heading .elementor-heading-title.elementor-size-large{font-size:29px}.elementor-widget-heading .elementor-heading-title.elementor-size-xl{font-size:39px}.elementor-widget-heading .elementor-heading-title.elementor-size-xxl{font-size:59px}<\/style><h2 class=\"elementor-heading-title elementor-size-default\">Pol\u00edtica de cookies<\/h2>\t\t<\/div>\n\t\t\t\t<\/div>\n\t\t\t\t<div class=\"elementor-element elementor-element-d154a9a elementor-widget elementor-widget-text-editor\" data-id=\"d154a9a\" data-element_type=\"widget\" data-widget_type=\"text-editor.default\">\n\t\t\t\t<div class=\"elementor-widget-container\">\n\t\t\t<style>\/*! elementor - v3.12.1 - 02-04-2023 *\/\n.elementor-widget-text-editor.elementor-drop-cap-view-stacked .elementor-drop-cap{background-color:#69727d;color:#fff}.elementor-widget-text-editor.elementor-drop-cap-view-framed .elementor-drop-cap{color:#69727d;border:3px solid;background-color:transparent}.elementor-widget-text-editor:not(.elementor-drop-cap-view-default) .elementor-drop-cap{margin-top:8px}.elementor-widget-text-editor:not(.elementor-drop-cap-view-default) .elementor-drop-cap-letter{width:1em;height:1em}.elementor-widget-text-editor .elementor-drop-cap{float:left;text-align:center;line-height:1;font-size:50px}.elementor-widget-text-editor .elementor-drop-cap-letter{display:inline-block}<\/style>\t\t\t\t<div class=\"item_fulltext\"><p><strong>INFORMACI\u00d3N SOBRE COOKIES<\/strong><\/p><p>De acuerdo con la Ley 34\/2002, de 11 de julio, de servicios de la sociedad de la informaci\u00f3n y de comercio electr\u00f3nico (LSSI), en relaci\u00f3n con el Reglamento (UE) 2016\/679 del Parlamento Europeo y de Consejo, de 27 de abril de 2016, General de Protecci\u00f3n de Datos (GDPR) y la Ley Org\u00e1nica 3\/2018, de 5 de diciembre, de Protecci\u00f3n de Datos y Garant\u00eda de los Derechos Digitales (LOPDGDD), es obligado obtener el consentimiento expreso del usuario de todas las p\u00e1ginas web que usan cookies prescindibles, antes de que este navegue por ellas.<\/p><p>\u00a0<\/p><p><strong>QU\u00c9 SON LAS COOKIES?<\/strong><\/p><p>Las cookies y otras tecnolog\u00edas similares como por ejemplo local shared objects, flash cookies o p\u00edxeles, son herramientas empleadas por los servidores Web para almacenar y recuperar informaci\u00f3n sobre sus visitantes, as\u00ed como para ofrecer un correcto funcionamiento del lugar.<\/p><p>Mediante el uso de estos dispositivos se permite al servidor Web recordar algunos datos referentes al usuario, como sus preferencias para la visualizaci\u00f3n de las p\u00e1ginas de este servidor, nombre y contrase\u00f1a, productos que m\u00e1s le interesan, etc.<\/p><p>\u00a0<\/p><p><strong>COOKIES AFECTADAS POR LA NORMATIVA Y COOKIES EXCEPTUADAS<\/strong><\/p><p>Seg\u00fan la directiva de la UE, las cookies que requieren el consentimiento informado por parte del usuario son las cookies anal\u00edticas y las de publicidad y afiliaci\u00f3n, y quedan exceptuadas las de car\u00e1cter t\u00e9cnico y las necesarias para el funcionamiento del sitio web o la prestaci\u00f3n de servicios expresamente solicitados por el usuario.<\/p><p>\u00a0<\/p><p><strong>TIPO DE COOKIES<\/strong><\/p><p><strong>Segun la finalidad<\/strong><\/p><p>Cookies t\u00e9cnicas y funcionales: son las que permiten al usuario navegar a trav\u00e9s de una p\u00e1gina web, plataforma o aplicaci\u00f3n y utilizar las diferentes opciones o servicios que haya.<\/p><p><br \/>Cookies de an\u00e1lisis: son las que permiten al responsable de estas monitorizar y analizar el comportamiento de los usuarios de los sitios web a los cuales est\u00e1n vinculados. La informaci\u00f3n recogida mediante este tipo de cookies se utiliza en la medici\u00f3n de la actividad de los sitios web, aplicaci\u00f3n o plataforma y para elaborar perfiles de navegaci\u00f3n de los usuarios de estos lugares, aplicaciones y plataformas, para introducir mejoras en funci\u00f3n del an\u00e1lisis de los datos de uso que hacen los usuarios del servicio. Cookies publicitarias: s<br \/>Cookies publicitarias:\u00a0son aquellas que permiten gestionar, de la manera m\u00e1s eficaz posible, los espacios publicitarios que, si procede, el editor haya incluido en una p\u00e1gina web, aplicaci\u00f3n o plataforma desde la cual presta el servicio solicitado seg\u00fan criterios como el contenido editado o la frecuencia en que se muestran los anuncios.<\/p><p><br \/>Cookies de publicidad comportamental: recogen informaci\u00f3n sobre las preferencias y elecciones personales del usuario (retargeting) para permitir gestionar, de la manera m\u00e1s eficaz posible, los espacios publicitarios que, si procede, el editor haya incluido en una p\u00e1gina web, aplicaci\u00f3n o plataforma desde la cual presta el servicio solicitado.<\/p><p><br \/>Cookies sociales: son aquellas que han sido instaladas por las plataformas de redes sociales en los servicios para permitiros compartir contenido con vuestros amigos y redes. Las plataformas de medios sociales tienen la capacidad de rastrear vuestra actividad en l\u00ednea fuera de los Servicios. Esto puede afectar el contenido y los mensajes que veis en otros servicios que visit\u00e1is.<\/p><p><br \/>Cookies de afiliados: permiten hacer un seguimiento de las visitas procedentes otros webs, con las cuales el sitio web establece un contrato de afiliaci\u00f3n (empresas de afiliaci\u00f3n).<br \/>Cookies de seguridad:\u00a0almacenan informaci\u00f3n cifrada para evitar que los datos que se guardan sean vulnerables a ataques maliciosos de terceros.\u00a0<\/p><p>\u00a0<\/p><p><strong>Seg\u00fan la propiedad<\/strong><\/p><p>Cookies propias: son las que se env\u00edan al equipo terminal del usuario desde un equipo o dominio gestionado por el propio editor y desde el cual se proporciona el servicio solicitado por el usuario.<\/p><p><br \/>Cookies de terceros:\u00a0son las que se env\u00edan al equipo terminal del usuario desde un equipo o dominio que no es gestionado por el editor, sino por otra entidad que trata los datos obtenidos mediante las cookies.<\/p><p>\u00a0<\/p><p><strong>Seg\u00fan el plazo de conservaci\u00f3n<\/strong><\/p><p>Cookies de sesi\u00f3n: son un tipo de cookies dise\u00f1adas para obtener y almacenar datos mientras el usuario accede en una p\u00e1gina web.<\/p><p><br \/>Cookies persistentes: son un tipo de cookies en que los datos siguen almacenadas en el terminal y pueden ser accedidas y tratadas durante un periodo definido por el responsable de la cookie, y que durar desde unos minutos en varios a\u00f1os.<\/p><p>\u00a0<\/p><p><strong>TRATAMIENTO DE DATOS PERSONALES<\/strong><\/p><p>INTEGRAL DE PREVENCI\u00d3N DE RIESGOS, S.L. es el Responsable del tratamiento de los datos personales del\u00a0 Interesado y lo informa que estos datos se tratar\u00e1n en conformidad con el que establece el Reglamento (UE) 2016\/679, de 27 de abril de 2016 (GDPR), por lo cual se le facilita la siguiente informaci\u00f3n del tratamiento:<\/p><ul><li>Finalidades del tratamiento: seg\u00fan se especifica en el apartado de cookies que se utilizan en este sitio web.<\/li><li>Legitimaci\u00f3n del tratamiento: por consentimiento del interesado (arte. 6.1 GDPR).<\/li><li>Criterios de conservaci\u00f3n de los datos: seg\u00fan se especifica en el apartado de cookies utilizadas al web.<\/li><li>Comunicaci\u00f3n de los datos: no se comunicar\u00e1n los datos a terceros, excepto en cookies propiedad de terceros o por obligaci\u00f3n legal.<\/li><\/ul><p>\u00a0<\/p><p>Derechos que tiene el Interesado:<\/p><ul><li>Derecho a retirar el consentimiento en cualquier momento.<\/li><li>Derecho de acceso, rectificaci\u00f3n, portabilidad y supresi\u00f3n de sus datos y de limitaci\u00f3n u oposici\u00f3n a su tratamiento.<\/li><li>Derecho a presentar una reclamaci\u00f3n ante la Autoridad de control (www.aepd.es) si considera que el tratamiento no se ajusta a la normativa vigente.<\/li><\/ul><p>\u00a0<\/p><p><strong>Datos de contacto para ejercer sus derechos:<\/strong><\/p><p>INTEGRAL DE PREVENCI\u00d3N DE RIESGOS, S.L. Avda. Barcelona, 92 &#8211; 08700 Igualada (Barcelona). E-mail: dpo@iprlaboral.com<\/p><p>Datos de contacto del delegado de protecci\u00f3n de datos: dpo@iprlaboral.com<\/p><p>\u00a0<\/p><p><strong>COOKIES UTILIZADAS EN ESTE SITIO WEB<\/strong><\/p><table border=\"1\" align=\"center\"><tbody><tr><td><strong>COOKIES CONTROLADAS POR EL EDITOR<\/strong><\/td><\/tr><\/tbody><\/table><table border=\"1\" align=\"center\"><tbody><tr><td>T\u00e9cnicas y funcional<\/td><\/tr><\/tbody><\/table><table border=\"1\"><tbody><tr><td width=\"12%\"><strong>Propiedad<\/strong><\/td><td width=\"15%\"><strong>Cookie<\/strong><\/td><td width=\"62%\"><strong>Finalidad<\/strong><\/td><td width=\"11%\"><strong>Plazo<\/strong><\/td><\/tr><tr><td>addthis.com<\/td><td>loc<\/td><td>AddThis &#8211; Galletas relacionada con un bot\u00f3n de AddThis disponibles al sitio web de compartir<\/td><td>en un a\u00f1o<\/td><\/tr><tr><td>addthis.com<\/td><td>na_id<\/td><td>AddThis &#8211; Galletas relacionadas con un bot\u00f3n de AddThis disponible al sitio web de compartir<\/td><td>en un a\u00f1o<\/td><\/tr><tr><td>addthis.com<\/td><td>na_tc<\/td><td>AddThis &#8211; Galletas relacionadas con un bot\u00f3n de AddThis disponible al sitio web de compartir<\/td><td>en un a\u00f1o<\/td><\/tr><tr><td>addthis.com<\/td><td>ouid<\/td><td>AddThis &#8211; Galletas relacionadas con un bot\u00f3n de AddThis disponible al sitio web de compartir<\/td><td>en un a\u00f1o<\/td><\/tr><tr><td>addthis.com<\/td><td>ssc<\/td><td>AddThis &#8211; Galletas relacionadas con un bot\u00f3n de AddThis disponible al sitio web de compartir<\/td><td>en un a\u00f1o<\/td><\/tr><tr><td>addthis.com<\/td><td>uvc<\/td><td>ubicaci\u00f3n de visitantes<\/td><td>en un a\u00f1o<\/td><\/tr><tr><td>iprlaboral.com<\/td><td>__atuvc<\/td><td>AddThis: galleta relacionada con un bot\u00f3n de compartir AddThis disponible al sitio web<\/td><td>en un a\u00f1o<\/td><\/tr><tr><td>iprlaboral.com<\/td><td>__atuvs<\/td><td>Esta galleta se incrusta com\u00fanmente en sitios web para permitir a los visitantes compartir contenidos con una serie de contactos e intercambio de plataformas.<\/td><td>Sesi\u00f3n<\/td><\/tr><tr><td>iprlaboral.com<\/td><td>70a4031527abc00 10f509a28dfbb896 3<\/td><td>Cookie\u00a0necesaria para la utilizaci\u00f3n de las opciones y servicios de la p\u00e1gina web<\/td><td>en 4 dias<\/td><\/tr><tr><td>iprlaboral.com<\/td><td>da62b27f127e331a b9f36e3850edf39c<\/td><td>Cookie\u00a0necesaria para la utilizaci\u00f3n de las opciones y servicios de la p\u00e1gina web<\/td><td>en 4 dias<\/td><\/tr><\/tbody><\/table><table border=\"1\" align=\"center\"><tbody><tr><td>Publicitarias<\/td><\/tr><\/tbody><\/table><table border=\"1\"><tbody><tr><td width=\"12%\"><strong>Propiedad<\/strong><\/td><td width=\"15%\"><strong>Cookie<\/strong><\/td><td width=\"62%\"><strong>Finalidad<\/strong><\/td><td width=\"11%\"><strong>Plazo<\/strong><\/td><\/tr><tr><td>addthis.com<\/td><td>uid<\/td><td>Contiene un identificador \u00fanico para identificar un usuario<\/td><td>en un a\u00f1o<\/td><\/tr><\/tbody><\/table><table border=\"1\" align=\"center\"><tbody><tr><td><strong>COOKIES DE TERCEROS<\/strong><\/td><\/tr><\/tbody><\/table><p>Los servicios de terceros son ajenos al control del editor. Los proveedores pueden modificar en cualquier momento sus condiciones de servicio, finalidad y uso de las cookies, etc.<\/p><p><strong>Proveedores externos de este sitio web:<\/strong><\/p><table border=\"1\"><tbody><tr><td width=\"20%\"><strong>Editor<\/strong><\/td><td width=\"80%\"><strong>Pol\u00edtica de privacidad<\/strong><\/td><\/tr><tr><td>AddThis<\/td><td><a href=\"https:\/\/www.oracle.com\/legal\/privacy\/addthis-privacy-policy.html\">https:\/\/www.oracle.com\/legal\/privacy\/addthis-privacy-policy.html<\/a><\/td><\/tr><tr><td>Adform<\/td><td><a href=\"https:\/\/site.adform.com\/privacy-center\/overview\">https:\/\/site.adform.com\/privacy-center\/overview<\/a><\/td><\/tr><\/tbody><\/table><table border=\"1\" align=\"center\"><tbody><tr><td>PANEL DE CONFIGURACI\u00d3N DE COOKIES<\/td><\/tr><\/tbody><\/table><p>Desde este panel puede configurar las cookies que el sitio web puede instalar en su navegador, excepto las cookies t\u00e9cnicas o funcionales que son necesarias para la navegaci\u00f3n y la utilizaci\u00f3n de las diferentes opciones o servicios que se ofrecen.<\/p><p><strong>Panel de cookies<\/strong><\/p><table border=\"1\" align=\"center\"><tbody><tr><td><strong>COMO GESTIONAR LAS COOKIES DES DEL NAVEGADOR<\/strong><\/td><\/tr><\/tbody><\/table><table border=\"1\"><tbody><tr><td width=\"23%\">Eliminar las cookies del dispositivo<\/td><td width=\"77%\">Las cookies que ya se encuentran en un dispositivo se pueden eliminar borrando el historial del navegador, de forma que se suprimen las cookies de todos los sitios web visitados. Sin embargo, tambi\u00e9n se puede perder parte de la informaci\u00f3n guardada (por ejemplo, los datos de inicio de sesi\u00f3n o las preferencias de sitio web).<\/td><\/tr><tr><td>Gestionar las cookies espec\u00edficas del lugar<\/td><td>Para tener un control m\u00e1s preciso de las cookies espec\u00edficas de cada lugar, los usuarios pueden ajustar su configuraci\u00f3n de privacidad y cookies al navegador.<\/td><\/tr><tr><td>Bloquear las cookies<\/td><td>Aunque la mayor\u00eda de los navegadores modernos se pueden configurar para evitar que se instalen cookies en los dispositivos, esto puede obligar a ajustar manualmente determinadas preferencias cada vez que se visite un lugar o p\u00e1gina. Adem\u00e1s, algunos servicios y caracter\u00edsticas podan no funcionar correctamente (por ejemplo, los inicios de sesi\u00f3n con perfil).<\/td><\/tr><\/tbody><\/table><table border=\"1\" align=\"center\"><tbody><tr><td><strong>COM ELIMINAR LAS COOKIES DE LOS NAVEGADORES M\u00c1S COMUNES<\/strong><\/td><\/tr><\/tbody><\/table><table border=\"1\"><tbody><tr><td width=\"29%\">Chrome<\/td><td width=\"71%\"><a href=\"https:\/\/support.microsoft.com\/es-es\/topic\/c%C3%B3mo-eliminar-archivos-de-cookies-en-internet-explorer-bca9446f-d873-78de-77ba-d42645fa52fc\">https:\/\/support.google.com\/chrome\/answer\/95647?hl=es<\/a><\/td><\/tr><tr><td>Internet Explorer. Versi\u00f3n 11<\/td><td><a href=\"https:\/\/support.microsoft.com\/es-es\/topic\/c%C3%B3mo-eliminar-archivos-de-cookies-en-internet-explorer-bca9446f-d873-78de-77ba-d42645fa52fc\">https:\/\/support.microsoft.com\/es-es\/topic\/c%C3%B3mo-eliminar-archivos-de-cookies-en-internet-explorer-bca9446f-d873-78de-77ba-d42645fa52fc<\/a><\/td><\/tr><tr><td>Firefox. Versi\u00f3n 65.0.1<\/td><td><a href=\"https:\/\/www.mozilla.org\/es-ES\/privacy\/websites\/#cookies\">https:\/\/www.mozilla.org\/es-ES\/privacy\/websites\/#cookies<\/a><\/td><\/tr><tr><td>Safari Versi\u00f3n 5.1<\/td><td><a href=\"https:\/\/support.apple.com\/es-es\/guide\/safari\/sfri11471\/mac\">https:\/\/support.apple.com\/es-es\/guide\/safari\/sfri11471\/mac<\/a><\/td><\/tr><tr><td>Opera<\/td><td><a href=\"https:\/\/help.opera.com\/en\/latest\/security-and-privacy\/#clearBrowsingData\">https:\/\/help.opera.com\/en\/latest\/security-and-privacy\/#clearBrowsingData<\/a><\/td><\/tr><\/tbody><\/table><\/div><div class=\"addthis_sharing_toolbox\" data-url=\"https:\/\/www.iprlaboral.com\/index.php\/ca\/politica-de-cookies\" data-title=\"Pol\u00edtica de cookies\"><div id=\"atstbx\" class=\"at-share-tbx-element addthis-smartlayers addthis-animated at4-show\" role=\"region\" aria-labelledby=\"at-2a78ba12-9c6b-4d02-a01d-fbeb20ae4fc3\"><p>\u00a0<\/p><div class=\"at-share-btn-elements\">\u00a0<\/div><\/div><\/div>\t\t\t\t\t\t<\/div>\n\t\t\t\t<\/div>\n\t\t\t\t\t<\/div>\n\t\t<\/div>\n\t\t\t\t\t\t\t<\/div>\n\t\t<\/section>\n\t\t\t\t\t\t\t<\/div>\n\t\t","protected":false},"excerpt":{"rendered":"<p>Pol\u00edtica de cookies INFORMACI\u00d3N SOBRE COOKIES De acuerdo con la Ley 34\/2002, de 11 de julio, de servicios de la sociedad de la informaci\u00f3n y de comercio electr\u00f3nico (LSSI), en relaci\u00f3n con el Reglamento (UE) 2016\/679 del Parlamento Europeo y de Consejo, de 27 de abril de 2016, General de Protecci\u00f3n de Datos (GDPR) y [&hellip;]<\/p>\n","protected":false},"author":1,"featured_media":0,"parent":0,"menu_order":0,"comment_status":"closed","ping_status":"closed","template":"elementor_header_footer","meta":{"footnotes":""},"class_list":["post-780","page","type-page","status-publish","hentry"],"yoast_head":"<!-- This site is optimized with the Yoast SEO plugin v20.6 - https:\/\/yoast.com\/wordpress\/plugins\/seo\/ -->\n<title>Pol\u00edtica de cookies - IPR<\/title>\n<meta name=\"description\" content=\"es obligado obtener el consentimiento del usuario de todas las p\u00e1ginas web que usan cookies, antes de que este navegue por ellas.\" \/>\n<meta name=\"robots\" content=\"index, follow, max-snippet:-1, max-image-preview:large, max-video-preview:-1\" \/>\n<link rel=\"canonical\" href=\"https:\/\/www.iprlaboral.com\/es\/politica-de-cookies-es\/\" \/>\n<meta property=\"og:locale\" content=\"es_ES\" \/>\n<meta property=\"og:type\" content=\"article\" \/>\n<meta property=\"og:title\" content=\"Pol\u00edtica de cookies - IPR\" \/>\n<meta property=\"og:description\" content=\"es obligado obtener el consentimiento del usuario de todas las p\u00e1ginas web que usan cookies, antes de que este navegue por ellas.\" \/>\n<meta property=\"og:url\" content=\"https:\/\/www.iprlaboral.com\/es\/politica-de-cookies-es\/\" \/>\n<meta property=\"og:site_name\" content=\"IPR\" \/>\n<meta property=\"article:modified_time\" content=\"2023-05-04T09:00:58+00:00\" \/>\n<meta name=\"twitter:card\" content=\"summary_large_image\" \/>\n<meta name=\"twitter:label1\" content=\"Tiempo de lectura\" \/>\n\t<meta name=\"twitter:data1\" content=\"8 minutos\" \/>\n<script type=\"application\/ld+json\" class=\"yoast-schema-graph\">{\"@context\":\"https:\/\/schema.org\",\"@graph\":[{\"@type\":\"WebPage\",\"@id\":\"https:\/\/www.iprlaboral.com\/es\/politica-de-cookies-es\/\",\"url\":\"https:\/\/www.iprlaboral.com\/es\/politica-de-cookies-es\/\",\"name\":\"Pol\u00edtica de cookies - IPR\",\"isPartOf\":{\"@id\":\"https:\/\/www.iprlaboral.com\/#website\"},\"datePublished\":\"2023-04-20T06:26:06+00:00\",\"dateModified\":\"2023-05-04T09:00:58+00:00\",\"description\":\"es obligado obtener el consentimiento del usuario de todas las p\u00e1ginas web que usan cookies, antes de que este navegue por ellas.\",\"breadcrumb\":{\"@id\":\"https:\/\/www.iprlaboral.com\/es\/politica-de-cookies-es\/#breadcrumb\"},\"inLanguage\":\"es\",\"potentialAction\":[{\"@type\":\"ReadAction\",\"target\":[\"https:\/\/www.iprlaboral.com\/es\/politica-de-cookies-es\/\"]}]},{\"@type\":\"BreadcrumbList\",\"@id\":\"https:\/\/www.iprlaboral.com\/es\/politica-de-cookies-es\/#breadcrumb\",\"itemListElement\":[{\"@type\":\"ListItem\",\"position\":1,\"name\":\"Inici\",\"item\":\"https:\/\/www.iprlaboral.com\/es\/\"},{\"@type\":\"ListItem\",\"position\":2,\"name\":\"Pol\u00edtica de cookies\"}]},{\"@type\":\"WebSite\",\"@id\":\"https:\/\/www.iprlaboral.com\/#website\",\"url\":\"https:\/\/www.iprlaboral.com\/\",\"name\":\"IPR\",\"description\":\"Integral de prevenci\u00f3 de riscos\",\"publisher\":{\"@id\":\"https:\/\/www.iprlaboral.com\/#organization\"},\"potentialAction\":[{\"@type\":\"SearchAction\",\"target\":{\"@type\":\"EntryPoint\",\"urlTemplate\":\"https:\/\/www.iprlaboral.com\/?s={search_term_string}\"},\"query-input\":\"required name=search_term_string\"}],\"inLanguage\":\"es\"},{\"@type\":\"Organization\",\"@id\":\"https:\/\/www.iprlaboral.com\/#organization\",\"name\":\"IPR\",\"url\":\"https:\/\/www.iprlaboral.com\/\",\"logo\":{\"@type\":\"ImageObject\",\"inLanguage\":\"es\",\"@id\":\"https:\/\/www.iprlaboral.com\/#\/schema\/logo\/image\/\",\"url\":\"https:\/\/www.iprlaboral.com\/wp-content\/uploads\/2023\/04\/cropped-logoweb.png\",\"contentUrl\":\"https:\/\/www.iprlaboral.com\/wp-content\/uploads\/2023\/04\/cropped-logoweb.png\",\"width\":463,\"height\":204,\"caption\":\"IPR\"},\"image\":{\"@id\":\"https:\/\/www.iprlaboral.com\/#\/schema\/logo\/image\/\"}}]}<\/script>\n<!-- \/ Yoast SEO plugin. -->","yoast_head_json":{"title":"Pol\u00edtica de cookies - IPR","description":"es obligado obtener el consentimiento del usuario de todas las p\u00e1ginas web que usan cookies, antes de que este navegue por ellas.","robots":{"index":"index","follow":"follow","max-snippet":"max-snippet:-1","max-image-preview":"max-image-preview:large","max-video-preview":"max-video-preview:-1"},"canonical":"https:\/\/www.iprlaboral.com\/es\/politica-de-cookies-es\/","og_locale":"es_ES","og_type":"article","og_title":"Pol\u00edtica de cookies - IPR","og_description":"es obligado obtener el consentimiento del usuario de todas las p\u00e1ginas web que usan cookies, antes de que este navegue por ellas.","og_url":"https:\/\/www.iprlaboral.com\/es\/politica-de-cookies-es\/","og_site_name":"IPR","article_modified_time":"2023-05-04T09:00:58+00:00","twitter_card":"summary_large_image","twitter_misc":{"Tiempo de lectura":"8 minutos"},"schema":{"@context":"https:\/\/schema.org","@graph":[{"@type":"WebPage","@id":"https:\/\/www.iprlaboral.com\/es\/politica-de-cookies-es\/","url":"https:\/\/www.iprlaboral.com\/es\/politica-de-cookies-es\/","name":"Pol\u00edtica de cookies - IPR","isPartOf":{"@id":"https:\/\/www.iprlaboral.com\/#website"},"datePublished":"2023-04-20T06:26:06+00:00","dateModified":"2023-05-04T09:00:58+00:00","description":"es obligado obtener el consentimiento del usuario de todas las p\u00e1ginas web que usan cookies, antes de que este navegue por ellas.","breadcrumb":{"@id":"https:\/\/www.iprlaboral.com\/es\/politica-de-cookies-es\/#breadcrumb"},"inLanguage":"es","potentialAction":[{"@type":"ReadAction","target":["https:\/\/www.iprlaboral.com\/es\/politica-de-cookies-es\/"]}]},{"@type":"BreadcrumbList","@id":"https:\/\/www.iprlaboral.com\/es\/politica-de-cookies-es\/#breadcrumb","itemListElement":[{"@type":"ListItem","position":1,"name":"Inici","item":"https:\/\/www.iprlaboral.com\/es\/"},{"@type":"ListItem","position":2,"name":"Pol\u00edtica de cookies"}]},{"@type":"WebSite","@id":"https:\/\/www.iprlaboral.com\/#website","url":"https:\/\/www.iprlaboral.com\/","name":"IPR","description":"Integral de prevenci\u00f3 de riscos","publisher":{"@id":"https:\/\/www.iprlaboral.com\/#organization"},"potentialAction":[{"@type":"SearchAction","target":{"@type":"EntryPoint","urlTemplate":"https:\/\/www.iprlaboral.com\/?s={search_term_string}"},"query-input":"required name=search_term_string"}],"inLanguage":"es"},{"@type":"Organization","@id":"https:\/\/www.iprlaboral.com\/#organization","name":"IPR","url":"https:\/\/www.iprlaboral.com\/","logo":{"@type":"ImageObject","inLanguage":"es","@id":"https:\/\/www.iprlaboral.com\/#\/schema\/logo\/image\/","url":"https:\/\/www.iprlaboral.com\/wp-content\/uploads\/2023\/04\/cropped-logoweb.png","contentUrl":"https:\/\/www.iprlaboral.com\/wp-content\/uploads\/2023\/04\/cropped-logoweb.png","width":463,"height":204,"caption":"IPR"},"image":{"@id":"https:\/\/www.iprlaboral.com\/#\/schema\/logo\/image\/"}}]}},"_links":{"self":[{"href":"https:\/\/www.iprlaboral.com\/es\/wp-json\/wp\/v2\/pages\/780","targetHints":{"allow":["GET"]}}],"collection":[{"href":"https:\/\/www.iprlaboral.com\/es\/wp-json\/wp\/v2\/pages"}],"about":[{"href":"https:\/\/www.iprlaboral.com\/es\/wp-json\/wp\/v2\/types\/page"}],"author":[{"embeddable":true,"href":"https:\/\/www.iprlaboral.com\/es\/wp-json\/wp\/v2\/users\/1"}],"replies":[{"embeddable":true,"href":"https:\/\/www.iprlaboral.com\/es\/wp-json\/wp\/v2\/comments?post=780"}],"version-history":[{"count":2,"href":"https:\/\/www.iprlaboral.com\/es\/wp-json\/wp\/v2\/pages\/780\/revisions"}],"predecessor-version":[{"id":817,"href":"https:\/\/www.iprlaboral.com\/es\/wp-json\/wp\/v2\/pages\/780\/revisions\/817"}],"wp:attachment":[{"href":"https:\/\/www.iprlaboral.com\/es\/wp-json\/wp\/v2\/media?parent=780"}],"curies":[{"name":"wp","href":"https:\/\/api.w.org\/{rel}","templated":true}]}}