{"id":732,"date":"2023-04-14T08:21:49","date_gmt":"2023-04-14T06:21:49","guid":{"rendered":"https:\/\/www.iprlaboral.com\/sobre-nosatres\/"},"modified":"2023-05-04T10:40:10","modified_gmt":"2023-05-04T08:40:10","slug":"sobre-nosotros","status":"publish","type":"page","link":"https:\/\/www.iprlaboral.com\/es\/sobre-nosotros\/","title":{"rendered":"Sobre nosotros"},"content":{"rendered":"\t\t<div data-elementor-type=\"wp-page\" data-elementor-id=\"732\" class=\"elementor elementor-732 elementor-102\">\n\t\t\t\t\t\t\t\t\t<section class=\"elementor-section elementor-top-section elementor-element elementor-element-596ddc30 elementor-section-boxed elementor-section-height-default elementor-section-height-default\" data-id=\"596ddc30\" data-element_type=\"section\" data-settings=\"{&quot;background_background&quot;:&quot;classic&quot;}\">\n\t\t\t\t\t\t\t<div class=\"elementor-background-overlay\"><\/div>\n\t\t\t\t\t\t\t<div class=\"elementor-container elementor-column-gap-no\">\n\t\t\t\t\t<div class=\"elementor-column elementor-col-100 elementor-top-column elementor-element elementor-element-6fc033c1\" data-id=\"6fc033c1\" data-element_type=\"column\">\n\t\t\t<div class=\"elementor-widget-wrap elementor-element-populated\">\n\t\t\t\t\t\t\t\t<div class=\"elementor-element elementor-element-59b4617e elementor-widget elementor-widget-heading\" data-id=\"59b4617e\" data-element_type=\"widget\" data-widget_type=\"heading.default\">\n\t\t\t\t<div class=\"elementor-widget-container\">\n\t\t\t<style>\/*! elementor - v3.12.1 - 02-04-2023 *\/\n.elementor-heading-title{padding:0;margin:0;line-height:1}.elementor-widget-heading .elementor-heading-title[class*=elementor-size-]>a{color:inherit;font-size:inherit;line-height:inherit}.elementor-widget-heading .elementor-heading-title.elementor-size-small{font-size:15px}.elementor-widget-heading .elementor-heading-title.elementor-size-medium{font-size:19px}.elementor-widget-heading .elementor-heading-title.elementor-size-large{font-size:29px}.elementor-widget-heading .elementor-heading-title.elementor-size-xl{font-size:39px}.elementor-widget-heading .elementor-heading-title.elementor-size-xxl{font-size:59px}<\/style><h2 class=\"elementor-heading-title elementor-size-default\">Sobre nosotros<\/h2>\t\t<\/div>\n\t\t\t\t<\/div>\n\t\t\t\t\t<\/div>\n\t\t<\/div>\n\t\t\t\t\t\t\t<\/div>\n\t\t<\/section>\n\t\t\t\t<section class=\"elementor-section elementor-top-section elementor-element elementor-element-114b00be elementor-section-boxed elementor-section-height-default elementor-section-height-default\" data-id=\"114b00be\" data-element_type=\"section\">\n\t\t\t\t\t\t<div class=\"elementor-container elementor-column-gap-no\">\n\t\t\t\t\t<div class=\"elementor-column elementor-col-50 elementor-top-column elementor-element elementor-element-59724107\" data-id=\"59724107\" data-element_type=\"column\">\n\t\t\t<div class=\"elementor-widget-wrap elementor-element-populated\">\n\t\t\t\t\t\t\t\t<section class=\"elementor-section elementor-inner-section elementor-element elementor-element-56a41621 elementor-section-content-middle elementor-section-boxed elementor-section-height-default elementor-section-height-default elementor-invisible\" data-id=\"56a41621\" data-element_type=\"section\" data-settings=\"{&quot;animation&quot;:&quot;fadeInLeft&quot;}\">\n\t\t\t\t\t\t<div class=\"elementor-container elementor-column-gap-no\">\n\t\t\t\t\t<div class=\"elementor-column elementor-col-100 elementor-inner-column elementor-element elementor-element-63d850b0\" data-id=\"63d850b0\" data-element_type=\"column\">\n\t\t\t<div class=\"elementor-widget-wrap elementor-element-populated\">\n\t\t\t\t\t\t\t\t<div class=\"elementor-element elementor-element-e7ca905 elementor-widget elementor-widget-image\" data-id=\"e7ca905\" data-element_type=\"widget\" data-widget_type=\"image.default\">\n\t\t\t\t<div class=\"elementor-widget-container\">\n\t\t\t<style>\/*! elementor - v3.12.1 - 02-04-2023 *\/\n.elementor-widget-image{text-align:center}.elementor-widget-image a{display:inline-block}.elementor-widget-image a img[src$=\".svg\"]{width:48px}.elementor-widget-image img{vertical-align:middle;display:inline-block}<\/style>\t\t\t\t\t\t\t\t\t\t\t\t<img loading=\"lazy\" decoding=\"async\" width=\"800\" height=\"534\" src=\"https:\/\/www.iprlaboral.com\/wp-content\/uploads\/2023\/04\/DSC07801-1024x683.jpg\" class=\"attachment-large size-large wp-image-288\" alt=\"\" srcset=\"https:\/\/www.iprlaboral.com\/wp-content\/uploads\/2023\/04\/DSC07801-1024x683.jpg 1024w, https:\/\/www.iprlaboral.com\/wp-content\/uploads\/2023\/04\/DSC07801-300x200.jpg 300w, https:\/\/www.iprlaboral.com\/wp-content\/uploads\/2023\/04\/DSC07801-768x512.jpg 768w, https:\/\/www.iprlaboral.com\/wp-content\/uploads\/2023\/04\/DSC07801-1536x1024.jpg 1536w, https:\/\/www.iprlaboral.com\/wp-content\/uploads\/2023\/04\/DSC07801-2048x1365.jpg 2048w\" sizes=\"auto, (max-width: 800px) 100vw, 800px\" \/>\t\t\t\t\t\t\t\t\t\t\t\t\t\t\t<\/div>\n\t\t\t\t<\/div>\n\t\t\t\t\t<\/div>\n\t\t<\/div>\n\t\t\t\t\t\t\t<\/div>\n\t\t<\/section>\n\t\t\t\t\t<\/div>\n\t\t<\/div>\n\t\t\t\t<div class=\"elementor-column elementor-col-50 elementor-top-column elementor-element elementor-element-37c7421c elementor-invisible\" data-id=\"37c7421c\" data-element_type=\"column\" data-settings=\"{&quot;animation&quot;:&quot;fadeIn&quot;}\">\n\t\t\t<div class=\"elementor-widget-wrap elementor-element-populated\">\n\t\t\t\t\t\t\t\t<div class=\"elementor-element elementor-element-7751303d elementor-widget elementor-widget-heading\" data-id=\"7751303d\" data-element_type=\"widget\" data-widget_type=\"heading.default\">\n\t\t\t\t<div class=\"elementor-widget-container\">\n\t\t\t<h2 class=\"elementor-heading-title elementor-size-default\">Integral de Prevenci\u00f3n de Riesgos<\/h2>\t\t<\/div>\n\t\t\t\t<\/div>\n\t\t\t\t<div class=\"elementor-element elementor-element-7f7b5cf9 elementor-widget elementor-widget-heading\" data-id=\"7f7b5cf9\" data-element_type=\"widget\" data-widget_type=\"heading.default\">\n\t\t\t\t<div class=\"elementor-widget-container\">\n\t\t\t<div class=\"elementor-heading-title elementor-size-default\">Integral de Prevenci\u00f3n de Riesgos es una entidad privada autorizada por el Departamento de Trabajo de la Generalitat de Catalu\u00f1a con el n\u00famero SP-024-B, como Servicio de Prevenci\u00f3n Ajeno.<\/div>\t\t<\/div>\n\t\t\t\t<\/div>\n\t\t\t\t<div class=\"elementor-element elementor-element-444c4b8f elementor-widget elementor-widget-text-editor\" data-id=\"444c4b8f\" data-element_type=\"widget\" data-widget_type=\"text-editor.default\">\n\t\t\t\t<div class=\"elementor-widget-container\">\n\t\t\t<style>\/*! elementor - v3.12.1 - 02-04-2023 *\/\n.elementor-widget-text-editor.elementor-drop-cap-view-stacked .elementor-drop-cap{background-color:#69727d;color:#fff}.elementor-widget-text-editor.elementor-drop-cap-view-framed .elementor-drop-cap{color:#69727d;border:3px solid;background-color:transparent}.elementor-widget-text-editor:not(.elementor-drop-cap-view-default) .elementor-drop-cap{margin-top:8px}.elementor-widget-text-editor:not(.elementor-drop-cap-view-default) .elementor-drop-cap-letter{width:1em;height:1em}.elementor-widget-text-editor .elementor-drop-cap{float:left;text-align:center;line-height:1;font-size:50px}.elementor-widget-text-editor .elementor-drop-cap-letter{display:inline-block}<\/style>\t\t\t\t<p>Contamos con un equipo de T\u00e9cnicos cualificados y titulados en las especialidades de Prevenci\u00f3n de Riesgos Laborales.<\/p><p>Nuestro objetivo es proporcionar la m\u00e1xima calidad en nuestros servicios, asesorando nuestras emprendidas clientes de la mejor manera para cumplir con la normativa vigente en prevenci\u00f3n de riesgos.<\/p>\t\t\t\t\t\t<\/div>\n\t\t\t\t<\/div>\n\t\t\t\t\t<\/div>\n\t\t<\/div>\n\t\t\t\t\t\t\t<\/div>\n\t\t<\/section>\n\t\t\t\t<section class=\"elementor-section elementor-top-section elementor-element elementor-element-53045102 elementor-section-boxed elementor-section-height-default elementor-section-height-default\" data-id=\"53045102\" data-element_type=\"section\" data-settings=\"{&quot;background_background&quot;:&quot;classic&quot;}\">\n\t\t\t\t\t\t\t<div class=\"elementor-background-overlay\"><\/div>\n\t\t\t\t\t\t\t<div class=\"elementor-container elementor-column-gap-no\">\n\t\t\t\t\t<div class=\"elementor-column elementor-col-100 elementor-top-column elementor-element elementor-element-543b993c elementor-invisible\" data-id=\"543b993c\" data-element_type=\"column\" data-settings=\"{&quot;animation&quot;:&quot;fadeIn&quot;}\">\n\t\t\t<div class=\"elementor-widget-wrap elementor-element-populated\">\n\t\t\t\t\t\t\t\t<div class=\"elementor-element elementor-element-3fd3c6cb elementor-widget elementor-widget-heading\" data-id=\"3fd3c6cb\" data-element_type=\"widget\" data-widget_type=\"heading.default\">\n\t\t\t\t<div class=\"elementor-widget-container\">\n\t\t\t<h2 class=\"elementor-heading-title elementor-size-default\">Un equipo con una amplia experiencia<\/h2>\t\t<\/div>\n\t\t\t\t<\/div>\n\t\t\t\t<div class=\"elementor-element elementor-element-1f07cbe1 elementor-widget elementor-widget-text-editor\" data-id=\"1f07cbe1\" data-element_type=\"widget\" data-widget_type=\"text-editor.default\">\n\t\t\t\t<div class=\"elementor-widget-container\">\n\t\t\t\t\t\t\t<p>Nuestros t\u00e9cnicos cuentan con una dilatada experiencia en prevenci\u00f3n. Provenimos del mundo de las mutuas de accidentes, consultor\u00edas de prevenci\u00f3n, de la administraci\u00f3n y de la empresa privada<\/p>\t\t\t\t\t\t<\/div>\n\t\t\t\t<\/div>\n\t\t\t\t\t<\/div>\n\t\t<\/div>\n\t\t\t\t\t\t\t<\/div>\n\t\t<\/section>\n\t\t\t\t<section class=\"elementor-section elementor-top-section elementor-element elementor-element-196481df elementor-section-content-middle elementor-reverse-tablet elementor-reverse-mobile elementor-section-boxed elementor-section-height-default elementor-section-height-default\" data-id=\"196481df\" data-element_type=\"section\" data-settings=\"{&quot;background_background&quot;:&quot;classic&quot;}\">\n\t\t\t\t\t\t<div class=\"elementor-container elementor-column-gap-no\">\n\t\t\t\t\t<div class=\"elementor-column elementor-col-50 elementor-top-column elementor-element elementor-element-77868d4e elementor-invisible\" data-id=\"77868d4e\" data-element_type=\"column\" data-settings=\"{&quot;animation&quot;:&quot;zoomIn&quot;}\">\n\t\t\t<div class=\"elementor-widget-wrap elementor-element-populated\">\n\t\t\t\t\t\t\t\t<div class=\"elementor-element elementor-element-b963ae9 elementor-position-left elementor-view-default elementor-mobile-position-top elementor-vertical-align-top elementor-widget elementor-widget-icon-box\" data-id=\"b963ae9\" data-element_type=\"widget\" data-widget_type=\"icon-box.default\">\n\t\t\t\t<div class=\"elementor-widget-container\">\n\t\t\t<link rel=\"stylesheet\" href=\"https:\/\/www.iprlaboral.com\/wp-content\/plugins\/elementor\/assets\/css\/widget-icon-box.min.css\">\t\t<div class=\"elementor-icon-box-wrapper\">\n\t\t\t\t\t\t<div class=\"elementor-icon-box-icon\">\n\t\t\t\t<span class=\"elementor-icon elementor-animation-\" >\n\t\t\t\t<i aria-hidden=\"true\" class=\"jki jki-search-3-light\"><\/i>\t\t\t\t<\/span>\n\t\t\t<\/div>\n\t\t\t\t\t\t<div class=\"elementor-icon-box-content\">\n\t\t\t\t<h3 class=\"elementor-icon-box-title\">\n\t\t\t\t\t<span  >\n\t\t\t\t\t\tAnalizamos\t\t\t\t\t<\/span>\n\t\t\t\t<\/h3>\n\t\t\t\t\t\t\t\t\t<p class=\"elementor-icon-box-description\">\n\t\t\t\t\t\tTe ofrecemos actuaciones preventivas responsables, efectivas, concretas y precisas; dentro del marco reglamentario vigente.\t\t\t\t\t<\/p>\n\t\t\t\t\t\t\t<\/div>\n\t\t<\/div>\n\t\t\t\t<\/div>\n\t\t\t\t<\/div>\n\t\t\t\t<div class=\"elementor-element elementor-element-d23557c elementor-position-left elementor-view-default elementor-mobile-position-top elementor-vertical-align-top elementor-widget elementor-widget-icon-box\" data-id=\"d23557c\" data-element_type=\"widget\" data-widget_type=\"icon-box.default\">\n\t\t\t\t<div class=\"elementor-widget-container\">\n\t\t\t\t\t<div class=\"elementor-icon-box-wrapper\">\n\t\t\t\t\t\t<div class=\"elementor-icon-box-icon\">\n\t\t\t\t<span class=\"elementor-icon elementor-animation-\" >\n\t\t\t\t<i aria-hidden=\"true\" class=\"jki jki-target-light\"><\/i>\t\t\t\t<\/span>\n\t\t\t<\/div>\n\t\t\t\t\t\t<div class=\"elementor-icon-box-content\">\n\t\t\t\t<h3 class=\"elementor-icon-box-title\">\n\t\t\t\t\t<span  >\n\t\t\t\t\t\tAporamos la soluci\u00f3n\t\t\t\t\t<\/span>\n\t\t\t\t<\/h3>\n\t\t\t\t\t\t\t\t\t<p class=\"elementor-icon-box-description\">\n\t\t\t\t\t\tLa experiencia de nuestro equipo nos asegura unas conclusiones y posteriores actuaciones preventivas realistas, que permitir\u00e1n que la prevenci\u00f3n sea una inversi\u00f3n para la empresa y no un gasto.\t\t\t\t\t<\/p>\n\t\t\t\t\t\t\t<\/div>\n\t\t<\/div>\n\t\t\t\t<\/div>\n\t\t\t\t<\/div>\n\t\t\t\t\t<\/div>\n\t\t<\/div>\n\t\t\t\t<div class=\"elementor-column elementor-col-50 elementor-top-column elementor-element elementor-element-25b5173 elementor-invisible\" data-id=\"25b5173\" data-element_type=\"column\" data-settings=\"{&quot;animation&quot;:&quot;zoomIn&quot;}\">\n\t\t\t<div class=\"elementor-widget-wrap elementor-element-populated\">\n\t\t\t\t\t\t\t\t<div class=\"elementor-element elementor-element-3d54e97 elementor-position-left elementor-view-default elementor-mobile-position-top elementor-vertical-align-top elementor-widget elementor-widget-icon-box\" data-id=\"3d54e97\" data-element_type=\"widget\" data-widget_type=\"icon-box.default\">\n\t\t\t\t<div class=\"elementor-widget-container\">\n\t\t\t\t\t<div class=\"elementor-icon-box-wrapper\">\n\t\t\t\t\t\t<div class=\"elementor-icon-box-icon\">\n\t\t\t\t<span class=\"elementor-icon elementor-animation-\" >\n\t\t\t\t<i aria-hidden=\"true\" class=\"jki jki-book1-light\"><\/i>\t\t\t\t<\/span>\n\t\t\t<\/div>\n\t\t\t\t\t\t<div class=\"elementor-icon-box-content\">\n\t\t\t\t<h3 class=\"elementor-icon-box-title\">\n\t\t\t\t\t<span  >\n\t\t\t\t\t\tConcretamos\t\t\t\t\t<\/span>\n\t\t\t\t<\/h3>\n\t\t\t\t\t\t\t\t\t<p class=\"elementor-icon-box-description\">\n\t\t\t\t\t\tElaboramos un plan de prevenci\u00f3n en el cual se explican, con todo detalle, las actuaciones a realizar para obtener la m\u00e1xima rentabilidad de nuestros servicios t\u00e9cnicos y m\u00e9dicos.\t\t\t\t\t<\/p>\n\t\t\t\t\t\t\t<\/div>\n\t\t<\/div>\n\t\t\t\t<\/div>\n\t\t\t\t<\/div>\n\t\t\t\t<div class=\"elementor-element elementor-element-fa8334a elementor-position-left elementor-view-default elementor-mobile-position-top elementor-vertical-align-top elementor-widget elementor-widget-icon-box\" data-id=\"fa8334a\" data-element_type=\"widget\" data-widget_type=\"icon-box.default\">\n\t\t\t\t<div class=\"elementor-widget-container\">\n\t\t\t\t\t<div class=\"elementor-icon-box-wrapper\">\n\t\t\t\t\t\t<div class=\"elementor-icon-box-icon\">\n\t\t\t\t<span class=\"elementor-icon elementor-animation-\" >\n\t\t\t\t<i aria-hidden=\"true\" class=\"jki jki-cogwheel-light\"><\/i>\t\t\t\t<\/span>\n\t\t\t<\/div>\n\t\t\t\t\t\t<div class=\"elementor-icon-box-content\">\n\t\t\t\t<h3 class=\"elementor-icon-box-title\">\n\t\t\t\t\t<span  >\n\t\t\t\t\t\tImplementamos\t\t\t\t\t<\/span>\n\t\t\t\t<\/h3>\n\t\t\t\t\t\t\t\t\t<p class=\"elementor-icon-box-description\">\n\t\t\t\t\t\tRealizamos reconocimientos laborales en funci\u00f3n del riesgo y con la periodicidad que nuestros especialistas m\u00e9dicos determinan, reduciendo considerablemente el gasto.\t\t\t\t\t<\/p>\n\t\t\t\t\t\t\t<\/div>\n\t\t<\/div>\n\t\t\t\t<\/div>\n\t\t\t\t<\/div>\n\t\t\t\t\t<\/div>\n\t\t<\/div>\n\t\t\t\t\t\t\t<\/div>\n\t\t<\/section>\n\t\t\t\t\t\t\t<\/div>\n\t\t","protected":false},"excerpt":{"rendered":"<p>Sobre nosotros Integral de Prevenci\u00f3n de Riesgos Integral de Prevenci\u00f3n de Riesgos es una entidad privada autorizada por el Departamento de Trabajo de la Generalitat de Catalu\u00f1a con el n\u00famero SP-024-B, como Servicio de Prevenci\u00f3n Ajeno. Contamos con un equipo de T\u00e9cnicos cualificados y titulados en las especialidades de Prevenci\u00f3n de Riesgos Laborales. Nuestro objetivo [&hellip;]<\/p>\n","protected":false},"author":1,"featured_media":0,"parent":0,"menu_order":0,"comment_status":"closed","ping_status":"closed","template":"elementor_header_footer","meta":{"footnotes":""},"class_list":["post-732","page","type-page","status-publish","hentry"],"yoast_head":"<!-- This site is optimized with the Yoast SEO plugin v20.6 - https:\/\/yoast.com\/wordpress\/plugins\/seo\/ -->\n<title>Sobre nosotros - IPR<\/title>\n<meta name=\"description\" content=\"Integral de Prevenci\u00f3n de Riesgos es una entidad privada autorizada por el Departamento de Trabajo como Servicio de Prevenci\u00f3n Ajeno.\" \/>\n<meta name=\"robots\" content=\"index, follow, max-snippet:-1, max-image-preview:large, max-video-preview:-1\" \/>\n<link rel=\"canonical\" href=\"https:\/\/www.iprlaboral.com\/es\/sobre-nosotros\/\" \/>\n<meta property=\"og:locale\" content=\"es_ES\" \/>\n<meta property=\"og:type\" content=\"article\" \/>\n<meta property=\"og:title\" content=\"Sobre nosotros - IPR\" \/>\n<meta property=\"og:description\" content=\"Integral de Prevenci\u00f3n de Riesgos es una entidad privada autorizada por el Departamento de Trabajo como Servicio de Prevenci\u00f3n Ajeno.\" \/>\n<meta property=\"og:url\" content=\"https:\/\/www.iprlaboral.com\/es\/sobre-nosotros\/\" \/>\n<meta property=\"og:site_name\" content=\"IPR\" \/>\n<meta property=\"article:modified_time\" content=\"2023-05-04T08:40:10+00:00\" \/>\n<meta property=\"og:image\" content=\"https:\/\/www.iprlaboral.com\/wp-content\/uploads\/2023\/04\/DSC07801-1024x683.jpg\" \/>\n<meta name=\"twitter:card\" content=\"summary_large_image\" \/>\n<meta name=\"twitter:label1\" content=\"Tiempo de lectura\" \/>\n\t<meta name=\"twitter:data1\" content=\"2 minutos\" \/>\n<script type=\"application\/ld+json\" class=\"yoast-schema-graph\">{\"@context\":\"https:\/\/schema.org\",\"@graph\":[{\"@type\":\"WebPage\",\"@id\":\"https:\/\/www.iprlaboral.com\/es\/sobre-nosotros\/\",\"url\":\"https:\/\/www.iprlaboral.com\/es\/sobre-nosotros\/\",\"name\":\"Sobre nosotros - IPR\",\"isPartOf\":{\"@id\":\"https:\/\/www.iprlaboral.com\/#website\"},\"datePublished\":\"2023-04-14T06:21:49+00:00\",\"dateModified\":\"2023-05-04T08:40:10+00:00\",\"description\":\"Integral de Prevenci\u00f3n de Riesgos es una entidad privada autorizada por el Departamento de Trabajo como Servicio de Prevenci\u00f3n Ajeno.\",\"breadcrumb\":{\"@id\":\"https:\/\/www.iprlaboral.com\/es\/sobre-nosotros\/#breadcrumb\"},\"inLanguage\":\"es\",\"potentialAction\":[{\"@type\":\"ReadAction\",\"target\":[\"https:\/\/www.iprlaboral.com\/es\/sobre-nosotros\/\"]}]},{\"@type\":\"BreadcrumbList\",\"@id\":\"https:\/\/www.iprlaboral.com\/es\/sobre-nosotros\/#breadcrumb\",\"itemListElement\":[{\"@type\":\"ListItem\",\"position\":1,\"name\":\"Inici\",\"item\":\"https:\/\/www.iprlaboral.com\/es\/\"},{\"@type\":\"ListItem\",\"position\":2,\"name\":\"Sobre nosotros\"}]},{\"@type\":\"WebSite\",\"@id\":\"https:\/\/www.iprlaboral.com\/#website\",\"url\":\"https:\/\/www.iprlaboral.com\/\",\"name\":\"IPR\",\"description\":\"Integral de prevenci\u00f3 de riscos\",\"publisher\":{\"@id\":\"https:\/\/www.iprlaboral.com\/#organization\"},\"potentialAction\":[{\"@type\":\"SearchAction\",\"target\":{\"@type\":\"EntryPoint\",\"urlTemplate\":\"https:\/\/www.iprlaboral.com\/?s={search_term_string}\"},\"query-input\":\"required name=search_term_string\"}],\"inLanguage\":\"es\"},{\"@type\":\"Organization\",\"@id\":\"https:\/\/www.iprlaboral.com\/#organization\",\"name\":\"IPR\",\"url\":\"https:\/\/www.iprlaboral.com\/\",\"logo\":{\"@type\":\"ImageObject\",\"inLanguage\":\"es\",\"@id\":\"https:\/\/www.iprlaboral.com\/#\/schema\/logo\/image\/\",\"url\":\"https:\/\/www.iprlaboral.com\/wp-content\/uploads\/2023\/04\/cropped-logoweb.png\",\"contentUrl\":\"https:\/\/www.iprlaboral.com\/wp-content\/uploads\/2023\/04\/cropped-logoweb.png\",\"width\":463,\"height\":204,\"caption\":\"IPR\"},\"image\":{\"@id\":\"https:\/\/www.iprlaboral.com\/#\/schema\/logo\/image\/\"}}]}<\/script>\n<!-- \/ Yoast SEO plugin. -->","yoast_head_json":{"title":"Sobre nosotros - IPR","description":"Integral de Prevenci\u00f3n de Riesgos es una entidad privada autorizada por el Departamento de Trabajo como Servicio de Prevenci\u00f3n Ajeno.","robots":{"index":"index","follow":"follow","max-snippet":"max-snippet:-1","max-image-preview":"max-image-preview:large","max-video-preview":"max-video-preview:-1"},"canonical":"https:\/\/www.iprlaboral.com\/es\/sobre-nosotros\/","og_locale":"es_ES","og_type":"article","og_title":"Sobre nosotros - IPR","og_description":"Integral de Prevenci\u00f3n de Riesgos es una entidad privada autorizada por el Departamento de Trabajo como Servicio de Prevenci\u00f3n Ajeno.","og_url":"https:\/\/www.iprlaboral.com\/es\/sobre-nosotros\/","og_site_name":"IPR","article_modified_time":"2023-05-04T08:40:10+00:00","og_image":[{"url":"https:\/\/www.iprlaboral.com\/wp-content\/uploads\/2023\/04\/DSC07801-1024x683.jpg"}],"twitter_card":"summary_large_image","twitter_misc":{"Tiempo de lectura":"2 minutos"},"schema":{"@context":"https:\/\/schema.org","@graph":[{"@type":"WebPage","@id":"https:\/\/www.iprlaboral.com\/es\/sobre-nosotros\/","url":"https:\/\/www.iprlaboral.com\/es\/sobre-nosotros\/","name":"Sobre nosotros - IPR","isPartOf":{"@id":"https:\/\/www.iprlaboral.com\/#website"},"datePublished":"2023-04-14T06:21:49+00:00","dateModified":"2023-05-04T08:40:10+00:00","description":"Integral de Prevenci\u00f3n de Riesgos es una entidad privada autorizada por el Departamento de Trabajo como Servicio de Prevenci\u00f3n Ajeno.","breadcrumb":{"@id":"https:\/\/www.iprlaboral.com\/es\/sobre-nosotros\/#breadcrumb"},"inLanguage":"es","potentialAction":[{"@type":"ReadAction","target":["https:\/\/www.iprlaboral.com\/es\/sobre-nosotros\/"]}]},{"@type":"BreadcrumbList","@id":"https:\/\/www.iprlaboral.com\/es\/sobre-nosotros\/#breadcrumb","itemListElement":[{"@type":"ListItem","position":1,"name":"Inici","item":"https:\/\/www.iprlaboral.com\/es\/"},{"@type":"ListItem","position":2,"name":"Sobre nosotros"}]},{"@type":"WebSite","@id":"https:\/\/www.iprlaboral.com\/#website","url":"https:\/\/www.iprlaboral.com\/","name":"IPR","description":"Integral de prevenci\u00f3 de riscos","publisher":{"@id":"https:\/\/www.iprlaboral.com\/#organization"},"potentialAction":[{"@type":"SearchAction","target":{"@type":"EntryPoint","urlTemplate":"https:\/\/www.iprlaboral.com\/?s={search_term_string}"},"query-input":"required name=search_term_string"}],"inLanguage":"es"},{"@type":"Organization","@id":"https:\/\/www.iprlaboral.com\/#organization","name":"IPR","url":"https:\/\/www.iprlaboral.com\/","logo":{"@type":"ImageObject","inLanguage":"es","@id":"https:\/\/www.iprlaboral.com\/#\/schema\/logo\/image\/","url":"https:\/\/www.iprlaboral.com\/wp-content\/uploads\/2023\/04\/cropped-logoweb.png","contentUrl":"https:\/\/www.iprlaboral.com\/wp-content\/uploads\/2023\/04\/cropped-logoweb.png","width":463,"height":204,"caption":"IPR"},"image":{"@id":"https:\/\/www.iprlaboral.com\/#\/schema\/logo\/image\/"}}]}},"_links":{"self":[{"href":"https:\/\/www.iprlaboral.com\/es\/wp-json\/wp\/v2\/pages\/732","targetHints":{"allow":["GET"]}}],"collection":[{"href":"https:\/\/www.iprlaboral.com\/es\/wp-json\/wp\/v2\/pages"}],"about":[{"href":"https:\/\/www.iprlaboral.com\/es\/wp-json\/wp\/v2\/types\/page"}],"author":[{"embeddable":true,"href":"https:\/\/www.iprlaboral.com\/es\/wp-json\/wp\/v2\/users\/1"}],"replies":[{"embeddable":true,"href":"https:\/\/www.iprlaboral.com\/es\/wp-json\/wp\/v2\/comments?post=732"}],"version-history":[{"count":2,"href":"https:\/\/www.iprlaboral.com\/es\/wp-json\/wp\/v2\/pages\/732\/revisions"}],"predecessor-version":[{"id":809,"href":"https:\/\/www.iprlaboral.com\/es\/wp-json\/wp\/v2\/pages\/732\/revisions\/809"}],"wp:attachment":[{"href":"https:\/\/www.iprlaboral.com\/es\/wp-json\/wp\/v2\/media?parent=732"}],"curies":[{"name":"wp","href":"https:\/\/api.w.org\/{rel}","templated":true}]}}